{"id":15,"date":"2022-05-27T10:40:43","date_gmt":"2022-05-27T08:40:43","guid":{"rendered":"https:\/\/studio-pigment.fr\/?page_id=15"},"modified":"2023-02-17T00:08:06","modified_gmt":"2023-02-16T23:08:06","slug":"accueil","status":"publish","type":"page","link":"https:\/\/studio-pigment.fr\/index.php\/accueil\/","title":{"rendered":"Caricaturiste-Silhouettiste"},"content":{"rendered":"<div data-colibri-id=\"15-c1\" class=\"style-342 style-local-15-c1 position-relative\">\n  <!---->\n  <div data-colibri-component=\"section\" data-colibri-id=\"15-c2\" id=\"about\" class=\"h-section h-section-global-spacing d-flex align-items-lg-center align-items-md-center align-items-center style-355 style-local-15-c2 position-relative\">\n    <!---->\n    <!---->\n    <div class=\"h-section-grid-container h-section-boxed-container\">\n      <!---->\n      <div data-colibri-id=\"15-c3\" class=\"h-row-container gutters-row-lg-0 gutters-row-md-0 gutters-row-0 gutters-row-v-lg-0 gutters-row-v-md-0 gutters-row-v-0 style-356 style-local-15-c3 position-relative\">\n        <!---->\n        <div class=\"h-row justify-content-lg-center justify-content-md-center justify-content-center align-items-lg-stretch align-items-md-stretch align-items-stretch gutters-col-lg-0 gutters-col-md-0 gutters-col-0 gutters-col-v-lg-0 gutters-col-v-md-0 gutters-col-v-0\">\n          <!---->\n          <div class=\"h-column h-column-container d-flex h-col-lg-auto h-col-md-auto h-col-auto style-357-outer style-local-15-c4-outer\">\n            <div data-colibri-id=\"15-c4\" class=\"d-flex h-flex-basis h-column__inner h-px-lg-0 h-px-md-0 h-px-0 v-inner-lg-0 v-inner-md-0 v-inner-0 style-357 style-local-15-c4 position-relative\">\n              <!---->\n              <!---->\n              <div class=\"w-100 h-y-container h-column__content h-column__v-align flex-basis-100 align-self-lg-start align-self-md-start align-self-start\">\n                <!---->\n                <div data-colibri-id=\"15-c5\" class=\"h-global-transition-all h-heading style-358 style-local-15-c5 position-relative h-element\">\n                  <!---->\n                  <div class=\"h-heading__outer style-358 style-local-15-c5\">\n                    <!---->\n                    <!---->\n                    <h5 class=\"\">\u00c9v\u00e9nements professionnels<\/h5>\n                  <\/div>\n                <\/div>\n                <div data-colibri-id=\"15-c6\" class=\"h-global-transition-all h-heading style-359 style-local-15-c6 position-relative h-element\">\n                  <!---->\n                  <div class=\"h-heading__outer style-359 style-local-15-c6\">\n                    <!---->\n                    <!---->\n                    <h3 class=\"\">Interventions aupr\u00e8s <em style=\"font-family: Playfair Display;\"><br>des<\/em> <em style=\"font-family: Playfair Display;\">entreprises<\/em><\/h3>\n                  <\/div>\n                <\/div>\n                <div data-colibri-id=\"15-c7\" class=\"h-text h-text-component style-360 style-local-15-c7 position-relative h-element\">\n                  <!---->\n                  <!---->\n                  <div class=\"\">\n                    <p><span style=\"font-weight: 400; font-size: 16px; font-family: Open Sans; color: rgb(70, 112, 127);\">Pour vos s\u00e9minaires, salons, arbres de No\u00ebl, trombinoscopes d\u2019apr\u00e8s photos, conf\u00e9rences, lancements de produits, cocktails, d\u00eeners, d\u00e9parts \u00e0 la retraite\u2026<\/span><\/p>\n                  <\/div>\n                <\/div>\n              <\/div>\n            <\/div>\n          <\/div>\n          <div class=\"h-column h-column-container d-flex h-col-lg-auto h-col-md-auto h-col-auto style-361-outer style-local-15-c8-outer\">\n            <div data-colibri-id=\"15-c8\" class=\"d-flex h-flex-basis h-column__inner h-ui-empty-state-container h-px-lg-2 h-px-md-2 h-px-2 v-inner-lg-2 v-inner-md-2 v-inner-2 style-361 style-local-15-c8 position-relative\">\n              <!---->\n              <!---->\n              <div class=\"w-100 h-y-container h-column__content h-column__v-align flex-basis-100\">\n                <!---->\n              <\/div>\n            <\/div>\n          <\/div>\n        <\/div>\n      <\/div>\n    <\/div>\n  <\/div>\n  <div data-colibri-component=\"section\" data-colibri-id=\"15-c9\" id=\"about-2\" class=\"h-section h-section-global-spacing d-flex align-items-lg-center align-items-md-center align-items-center style-362 style-local-15-c9 position-relative\">\n    <!---->\n    <!---->\n    <div class=\"h-section-grid-container h-section-boxed-container\">\n      <!---->\n      <div data-colibri-id=\"15-c10\" class=\"h-row-container gutters-row-lg-0 gutters-row-md-0 gutters-row-0 gutters-row-v-lg-0 gutters-row-v-md-0 gutters-row-v-0 style-363 style-local-15-c10 position-relative\">\n        <!---->\n        <div class=\"h-row justify-content-lg-center justify-content-md-center justify-content-center align-items-lg-stretch align-items-md-stretch align-items-stretch gutters-col-lg-0 gutters-col-md-0 gutters-col-0 gutters-col-v-lg-0 gutters-col-v-md-0 gutters-col-v-0\">\n          <!---->\n          <div class=\"h-column h-column-container d-flex h-col-lg-auto h-col-md-auto h-col-auto style-364-outer style-local-15-c11-outer\">\n            <div data-colibri-id=\"15-c11\" class=\"d-flex h-flex-basis h-column__inner h-ui-empty-state-container h-px-lg-0 h-px-md-0 h-px-0 v-inner-lg-0 v-inner-md-0 v-inner-0 style-364 style-local-15-c11 position-relative\">\n              <!---->\n              <!---->\n              <div class=\"w-100 h-y-container h-column__content h-column__v-align flex-basis-100\">\n                <!---->\n              <\/div>\n            <\/div>\n          <\/div>\n          <div class=\"h-column h-column-container d-flex h-col-lg-auto h-col-md-auto h-col-auto style-365-outer style-local-15-c12-outer\">\n            <div data-colibri-id=\"15-c12\" class=\"d-flex h-flex-basis h-column__inner h-px-lg-2 h-px-md-2 h-px-2 v-inner-lg-2 v-inner-md-2 v-inner-2 style-365 style-local-15-c12 position-relative\">\n              <!---->\n              <!---->\n              <div class=\"w-100 h-y-container h-column__content h-column__v-align flex-basis-100 align-self-lg-start align-self-md-start align-self-start\">\n                <!---->\n                <div data-colibri-id=\"15-c13\" class=\"h-global-transition-all h-heading style-366 style-local-15-c13 position-relative h-element\">\n                  <!---->\n                  <div class=\"h-heading__outer style-366 style-local-15-c13\">\n                    <!---->\n                    <!---->\n                    <h5 class=\"\">\u00c9v\u00e9nements priv\u00e9s<\/h5>\n                  <\/div>\n                <\/div>\n                <div data-colibri-id=\"15-c14\" class=\"h-global-transition-all h-heading style-367 style-local-15-c14 position-relative h-element\">\n                  <!---->\n                  <div class=\"h-heading__outer style-367 style-local-15-c14\">\n                    <!---->\n                    <!---->\n                    <h2 class=\"\">Interventions aupr\u00e8s <em style=\"font-family: Playfair Display;\">des particuliers<\/em><\/h2>\n                  <\/div>\n                <\/div>\n                <div data-colibri-id=\"15-c15\" class=\"h-text h-text-component style-368 style-local-15-c15 position-relative h-element\">\n                  <!---->\n                  <!---->\n                  <div class=\"\">\n                    <p><span style=\"color: rgb(70, 112, 127); font-family: Open Sans; font-size: 20px; font-weight: 400;\">Mariages, anniversaires, sur commandes d\u2019apr\u00e8s photos, d\u00e9parts \u00e0 la retraite\u2026<\/span><\/p>\n                  <\/div>\n                <\/div>\n              <\/div>\n            <\/div>\n          <\/div>\n        <\/div>\n      <\/div>\n    <\/div>\n  <\/div>\n  <div data-colibri-component=\"section\" data-colibri-id=\"15-c16\" id=\"about-3\" class=\"h-section h-section-global-spacing d-flex align-items-lg-center align-items-md-center align-items-center style-369 style-local-15-c16 position-relative\">\n    <!---->\n    <!---->\n    <div class=\"h-section-grid-container h-section-boxed-container\">\n      <!---->\n      <div data-colibri-id=\"15-c17\" class=\"h-row-container gutters-row-lg-0 gutters-row-md-0 gutters-row-0 gutters-row-v-lg-0 gutters-row-v-md-0 gutters-row-v-0 style-370 style-local-15-c17 position-relative\">\n        <!---->\n        <div class=\"h-row justify-content-lg-center justify-content-md-center justify-content-center align-items-lg-stretch align-items-md-stretch align-items-stretch gutters-col-lg-0 gutters-col-md-0 gutters-col-0 gutters-col-v-lg-0 gutters-col-v-md-0 gutters-col-v-0\">\n          <!---->\n          <div class=\"h-column h-column-container d-flex h-col-lg-auto h-col-md-auto h-col-auto style-371-outer style-local-15-c18-outer\">\n            <div data-colibri-id=\"15-c18\" class=\"d-flex h-flex-basis h-column__inner h-px-lg-0 h-px-md-0 h-px-0 v-inner-lg-0 v-inner-md-0 v-inner-0 style-371 style-local-15-c18 position-relative\">\n              <!---->\n              <!---->\n              <div class=\"w-100 h-y-container h-column__content h-column__v-align flex-basis-100 align-self-lg-start align-self-md-start align-self-start\">\n                <!---->\n                <div data-colibri-id=\"15-c19\" class=\"h-global-transition-all h-heading style-372 style-local-15-c19 position-relative h-element\">\n                  <!---->\n                  <div class=\"h-heading__outer style-372 style-local-15-c19\">\n                    <!---->\n                    <!---->\n                    <h5 class=\"\">\u00c9v\u00e9nements associatifs et comit\u00e9s<\/h5>\n                  <\/div>\n                <\/div>\n                <div data-colibri-id=\"15-c20\" class=\"h-global-transition-all h-heading style-373 style-local-15-c20 position-relative h-element\">\n                  <!---->\n                  <div class=\"h-heading__outer style-373 style-local-15-c20\">\n                    <!---->\n                    <!---->\n                    <h3 class=\"\">Interventions aupr\u00e8s <em style=\"font-family: Playfair Display;\">des associations <br>et des comit\u00e9s<br><\/em><\/h3>\n                  <\/div>\n                <\/div>\n                <div data-colibri-id=\"15-c21\" class=\"h-text h-text-component style-374 style-local-15-c21 position-relative h-element\">\n                  <!---->\n                  <!---->\n                  <div class=\"\">\n                    <p>Festivals, \u00e9v\u00e9nements sportifs, inaugurations&#8230;<\/p>\n                  <\/div>\n                <\/div>\n              <\/div>\n            <\/div>\n          <\/div>\n          <div class=\"h-column h-column-container d-flex h-col-lg-auto h-col-md-auto h-col-auto style-375-outer style-local-15-c22-outer\">\n            <div data-colibri-id=\"15-c22\" class=\"d-flex h-flex-basis h-column__inner h-ui-empty-state-container h-px-lg-2 h-px-md-2 h-px-2 v-inner-lg-2 v-inner-md-2 v-inner-2 style-375 style-local-15-c22 position-relative\">\n              <!---->\n              <!---->\n              <div class=\"w-100 h-y-container h-column__content h-column__v-align flex-basis-100\">\n                <!---->\n              <\/div>\n            <\/div>\n          <\/div>\n        <\/div>\n      <\/div>\n    <\/div>\n  <\/div>\n<\/div>","protected":false},"excerpt":{"rendered":"<p>\u00c9v\u00e9nements professionnels Interventions aupr\u00e8s des entreprises Pour vos s\u00e9minaires, salons, arbres de No\u00ebl, trombinoscopes d\u2019apr\u00e8s photos, conf\u00e9rences, lancements de produits, cocktails, d\u00eeners, d\u00e9parts \u00e0 la retraite\u2026 \u00c9v\u00e9nements priv\u00e9s Interventions aupr\u00e8s des particuliers Mariages, anniversaires, sur commandes d\u2019apr\u00e8s photos, d\u00e9parts \u00e0 la retraite\u2026 \u00c9v\u00e9nements associatifs et comit\u00e9s Interventions aupr\u00e8s des associations et des comit\u00e9s Festivals, \u00e9v\u00e9nements [&hellip;]<\/p>\n","protected":false},"author":1,"featured_media":0,"parent":0,"menu_order":0,"comment_status":"closed","ping_status":"closed","template":"page-templates\/full-width-page.php","meta":{"footnotes":""},"class_list":["post-15","page","type-page","status-publish","hentry"],"_links":{"self":[{"href":"https:\/\/studio-pigment.fr\/index.php\/wp-json\/wp\/v2\/pages\/15","targetHints":{"allow":["GET"]}}],"collection":[{"href":"https:\/\/studio-pigment.fr\/index.php\/wp-json\/wp\/v2\/pages"}],"about":[{"href":"https:\/\/studio-pigment.fr\/index.php\/wp-json\/wp\/v2\/types\/page"}],"author":[{"embeddable":true,"href":"https:\/\/studio-pigment.fr\/index.php\/wp-json\/wp\/v2\/users\/1"}],"replies":[{"embeddable":true,"href":"https:\/\/studio-pigment.fr\/index.php\/wp-json\/wp\/v2\/comments?post=15"}],"version-history":[{"count":18,"href":"https:\/\/studio-pigment.fr\/index.php\/wp-json\/wp\/v2\/pages\/15\/revisions"}],"predecessor-version":[{"id":644,"href":"https:\/\/studio-pigment.fr\/index.php\/wp-json\/wp\/v2\/pages\/15\/revisions\/644"}],"wp:attachment":[{"href":"https:\/\/studio-pigment.fr\/index.php\/wp-json\/wp\/v2\/media?parent=15"}],"curies":[{"name":"wp","href":"https:\/\/api.w.org\/{rel}","templated":true}]}}